{"id":70,"date":"2019-02-19T08:52:19","date_gmt":"2019-02-19T08:52:19","guid":{"rendered":"http:\/\/maba.mn\/?page_id=70"},"modified":"2026-03-10T15:08:46","modified_gmt":"2026-03-10T15:08:46","slug":"events-list","status":"publish","type":"page","link":"https:\/\/www.maba.mn\/?page_id=70","title":{"rendered":"Events"},"content":{"rendered":"\t\t<div data-elementor-type=\"wp-post\" data-elementor-id=\"70\" class=\"elementor elementor-70\">\n\t\t\t\t\t\t<div class=\"elementor-inner\">\n\t\t\t\t<div class=\"elementor-section-wrap\">\n\t\t\t\t\t\t\t\t\t<section class=\"elementor-section elementor-top-section elementor-element elementor-element-277ae4f elementor-section-boxed elementor-section-height-default elementor-section-height-default\" data-id=\"277ae4f\" data-element_type=\"section\">\n\t\t\t\t\t\t<div class=\"elementor-container elementor-column-gap-extended\">\n\t\t\t\t\t\t\t<div class=\"elementor-row\">\n\t\t\t\t\t<div class=\"elementor-column elementor-col-100 elementor-top-column elementor-element elementor-element-f1ea646 sc_inner_width_none sc_content_align_inherit sc_layouts_column_icons_position_left\" data-id=\"f1ea646\" data-element_type=\"column\">\n\t\t\t<div class=\"elementor-column-wrap elementor-element-populated\">\n\t\t\t\t\t\t\t<div class=\"elementor-widget-wrap\">\n\t\t\t\t\t\t<div class=\"elementor-element elementor-element-9bf92ac sc_fly_static elementor-widget elementor-widget-heading\" data-id=\"9bf92ac\" data-element_type=\"widget\" data-widget_type=\"heading.default\">\n\t\t\t\t<div class=\"elementor-widget-container\">\n\t\t\t<h4 class=\"elementor-heading-title elementor-size-default\">\u0423\u0443\u043b\u0437\u0430\u043b\u0442, \u0421\u0443\u0440\u0433\u0430\u043b\u0442, \u0410\u0433\u0430\u0430\u0440\u044b\u043d \u0411\u04e9\u043c\u0431\u04e9\u043b\u04e9\u0433\u0438\u0439\u043d \u041e\u043b\u043e\u043d \u0443\u043b\u0441\u044b\u043d \u0430\u0440\u0433\u0430 \u0445\u044d\u043c\u0436\u044d\u044d\u043d\u04af\u04af\u0434 <\/h4>\t\t<\/div>\n\t\t\t\t<\/div>\n\t\t\t\t<div class=\"elementor-element elementor-element-ee68d16 sc_fly_static elementor-widget elementor-widget-heading\" data-id=\"ee68d16\" data-element_type=\"widget\" data-widget_type=\"heading.default\">\n\t\t\t\t<div class=\"elementor-widget-container\">\n\t\t\t<h5 class=\"elementor-heading-title elementor-size-default\">(Events & Activities)<\/h5>\t\t<\/div>\n\t\t\t\t<\/div>\n\t\t\t\t<div class=\"elementor-element elementor-element-e88c8b7 sc_fly_static elementor-widget elementor-widget-trx_sc_promo\" data-id=\"e88c8b7\" data-element_type=\"widget\" data-widget_type=\"trx_sc_promo.default\">\n\t\t\t\t<div class=\"elementor-widget-container\">\n\t\t\t<div  id=\"trx_sc_promo_813703832\" \r\n\tclass=\"sc_promo sc_promo_default sc_promo_size_normal sc_promo_no_image\"><div class=\"sc_promo_text\" style=\"width: 100%;\">\r\n\t\t\t<div class=\"sc_promo_text_inner trx_addons_inline_313020237\"><span class=\"sc_item_subtitle sc_promo_subtitle sc_item_subtitle_above sc_item_title_style_default\">Intro<\/span><h3 class=\"sc_item_title sc_promo_title sc_item_title_style_default\"><span class=\"sc_item_title_text\">\u0422\u0430\u043d\u0438\u043b\u0446\u0443\u0443\u043b\u0433\u0430 <\/span><\/h3><div class=\"sc_item_descr sc_promo_descr\"><p>\u041c\u043e\u043d\u0433\u043e\u043b \u0410\u0433\u0430\u0430\u0440\u044b\u043d \u0411\u04e9\u043c\u0431\u04e9\u043b\u0433\u0438\u0439\u043d \u0425\u043e\u043b\u0431\u043e\u043e \u043d\u044c \u04af\u043d\u0434\u044d\u0441\u043d\u0438\u0439 \u0431\u043e\u043b\u043e\u043d \u043e\u043b\u043e\u043d \u0443\u043b\u0441\u044b\u043d \u0430\u0433\u0430\u0430\u0440\u044b\u043d \u0431\u04e9\u043c\u0431\u04e9\u043b\u04e9\u0433\u0438\u0439\u043d \u0430\u0440\u0433\u0430 \u0445\u044d\u043c\u0436\u044d\u044d, \u0442\u044d\u043c\u0446\u044d\u044d\u043d \u0431\u043e\u043b\u043e\u043d \u0441\u0443\u0440\u0433\u0430\u043b\u0442\u044b\u0433 \u0441\u0443\u0440\u0442\u0430\u043b\u0447\u043b\u0430\u0445 \u0442\u0430\u043d\u0438\u0443\u043b\u0430\u0445, \u043e\u0440\u043e\u043b\u0446\u043e\u0445 \u0431\u043e\u043b\u043e\u043c\u0436\u0438\u0439\u0433 \u0431\u04af\u0440\u0434\u04af\u04af\u043b\u044d\u0445\u044d\u0434 \u0447\u0438\u0433\u043b\u044d\u043d \u0430\u0436\u0438\u043b\u043b\u0430\u0436 \u0431\u0430\u0439\u043d\u0430.<br \/>\n\u042d\u043d\u044d\u0445\u04af\u04af \u0445\u0443\u0443\u0434\u0430\u0441\u043d\u0430\u0430\u0441 \u0442\u0430 \u043c\u0430\u043d\u0430\u0439 \u0431\u0430\u0439\u0433\u0443\u0443\u043b\u043b\u0430\u0433\u044b\u043d \u0448\u0438\u043d\u044d \u043e\u043d\u044b \u0430\u0440\u0433\u0430 \u0445\u044d\u043c\u0436\u044d\u044d, \u0441\u0443\u0440\u0433\u0430\u043b\u0442 \u043c\u04e9\u043d \u0433\u043b\u043e\u0431\u0430\u043b (\u043e\u043b\u043e\u043d \u0443\u043b\u0441\u044b\u043d) \u0430\u0433\u0430\u0430\u0440\u044b\u043d \u0431\u04e9\u043c\u0431\u04e9\u043b\u04e9\u0433\u0438\u0439\u043d \u04af\u0439\u043b \u0430\u0436\u0438\u043b\u043b\u0430\u0433\u0430\u0430\u043d\u044b \u043a\u0430\u043b\u0435\u043d\u0434\u0430\u0440\u0438\u0439\u0433 \u0445\u0430\u0440\u0430\u0445 \u0431\u043e\u043b\u043e\u043c\u0436\u0442\u043e\u0439<\/p>\n<\/div><\/div>\r\n\t\t<\/div><!-- \/.sc_promo_text --><\/div><!-- \/.sc_promo -->\t\t<\/div>\n\t\t\t\t<\/div>\n\t\t\t\t<div class=\"elementor-element elementor-element-a01af50 sc_fly_static elementor-widget elementor-widget-heading\" data-id=\"a01af50\" data-element_type=\"widget\" data-widget_type=\"heading.default\">\n\t\t\t\t<div class=\"elementor-widget-container\">\n\t\t\t<h4 class=\"elementor-heading-title elementor-size-default\">\u041e\u0434\u043e\u043e\u0433\u043e\u043e\u0440 \u0442\u04e9\u043b\u04e9\u0432\u043b\u04e9\u0433\u0434\u0441\u04e9\u043d \u0410\u0440\u0433\u0430 \u0445\u044d\u043c\u0436\u044d\u044d\u043d\u04af\u04af\u0434<\/h4>\t\t<\/div>\n\t\t\t\t<\/div>\n\t\t\t\t\t\t<\/div>\n\t\t\t\t\t<\/div>\n\t\t<\/div>\n\t\t\t\t\t\t\t\t<\/div>\n\t\t\t\t\t<\/div>\n\t\t<\/section>\n\t\t\t\t<section class=\"elementor-section elementor-top-section elementor-element elementor-element-73fc7f1 elementor-section-boxed elementor-section-height-default elementor-section-height-default\" data-id=\"73fc7f1\" data-element_type=\"section\">\n\t\t\t\t\t\t<div class=\"elementor-container elementor-column-gap-extended\">\n\t\t\t\t\t\t\t<div class=\"elementor-row\">\n\t\t\t\t\t<div class=\"elementor-column elementor-col-100 elementor-top-column elementor-element elementor-element-0cc67cb sc_inner_width_none sc_content_align_inherit sc_layouts_column_icons_position_left\" data-id=\"0cc67cb\" data-element_type=\"column\">\n\t\t\t<div class=\"elementor-column-wrap elementor-element-populated\">\n\t\t\t\t\t\t\t<div class=\"elementor-widget-wrap\">\n\t\t\t\t\t\t<div class=\"elementor-element elementor-element-a7a8022 sc_fly_static elementor-widget elementor-widget-heading\" data-id=\"a7a8022\" data-element_type=\"widget\" data-widget_type=\"heading.default\">\n\t\t\t\t<div class=\"elementor-widget-container\">\n\t\t\t<h5 class=\"elementor-heading-title elementor-size-default\">\u0414\u043e\u0442\u043e\u043e\u0434 (\u041c\u043e\u043d\u0433\u043e\u043b) \u04ae\u0439\u043b \u0410\u0436\u0438\u043b\u043b\u0430\u0433\u0430\u0430<\/h5>\t\t<\/div>\n\t\t\t\t<\/div>\n\t\t\t\t<div class=\"elementor-element elementor-element-38ae638 sc_fly_static elementor-widget elementor-widget-trx_sc_table\" data-id=\"38ae638\" data-element_type=\"widget\" data-widget_type=\"trx_sc_table.default\">\n\t\t\t\t<div class=\"elementor-widget-container\">\n\t\t\t<div id=\"trx_sc_table_1041971992_wrap\" class=\"sc_table_wrap\"><div id=\"trx_sc_table_1041971992\"\r\n\t\t\tclass=\"sc_table sc_table_default trx_addons_inline_1285961043\"><table cellspacing=\"0\" summary=\"Mongolian events\">\n\t<tr>\n\t\t<td>\u041e\u0433\u043d\u043e\u043e<\/td>\n\t\t<td>\u0410\u0440\u0433\u0430 \u0445\u044d\u043c\u0436\u044d\u044d<\/td>\n\t\t<td>\u0411\u0430\u0439\u0440\u0448\u0438\u043b<\/td>\n\t\t<td>\u0422\u0430\u0439\u043b\u0431\u0430\u0440<\/td>\n\t<\/tr>\n\t<tr>\n\t\t<td>2026-5-\u0440 \u0441\u0430\u0440<\/td>\n\t\t<td>\u0413\u0430\u0437\u0440\u044b\u043d \u0431\u0430\u0433\u0438\u0439\u043d \u043f\u0440\u0430\u043a\u0442\u0438\u043a \u0434\u0430\u0434\u043b\u0430\u0433\u0430<\/td>\n\t\t<td>\u0422\u04e9\u0432 \u0430\u0439\u043c\u0430\u0433, \u041c\u043e\u043d\u0433\u043e\u043b \u0423\u043b\u0441<\/td>\n\t\t<td>\u041c\u043e\u043d\u0433\u043e\u043b\u044b\u043d \u0422\u0430\u043b \u041d\u0443\u0442\u0430\u0433 \u0420\u0435\u0441\u043e\u0440\u0442<\/td>\n\t<\/tr>\n\t<tr>\n\t\t<td>2026-6, 7, 8, 9-\u0440 \u0441\u0430\u0440<\/td>\n\t\t<td>\u0421\u0443\u0440\u0433\u0430\u043b\u0442\u044b\u043d \u043d\u0438\u0441\u043b\u044d\u0433<\/td>\n\t\t<td>\u0422\u04e9\u0432 \u0430\u0439\u043c\u0430\u0433, \u041c\u043e\u043d\u0433\u043e\u043b \u0423\u043b\u0441<\/td>\n\t\t<td>\u0414\u043e\u0442\u043e\u043e\u0434 \u0433\u0438\u0448\u04af\u04af\u0434\u044d\u0434 \u0437\u043e\u0440\u0438\u0443\u043b\u0441\u0430\u043d \u0434\u0430\u0434\u043b\u0430\u0433\u0430<\/td>\n\t<\/tr>\n<\/table><\/div><\/div><!-- \/.sc_table_wrap -->\t\t<\/div>\n\t\t\t\t<\/div>\n\t\t\t\t\t\t<\/div>\n\t\t\t\t\t<\/div>\n\t\t<\/div>\n\t\t\t\t\t\t\t\t<\/div>\n\t\t\t\t\t<\/div>\n\t\t<\/section>\n\t\t\t\t<section class=\"elementor-section elementor-top-section elementor-element elementor-element-9fa9ee4 elementor-section-boxed elementor-section-height-default elementor-section-height-default\" data-id=\"9fa9ee4\" data-element_type=\"section\">\n\t\t\t\t\t\t<div class=\"elementor-container elementor-column-gap-extended\">\n\t\t\t\t\t\t\t<div class=\"elementor-row\">\n\t\t\t\t\t<div class=\"elementor-column elementor-col-100 elementor-top-column elementor-element elementor-element-6f72398 sc_inner_width_none sc_content_align_inherit sc_layouts_column_icons_position_left\" data-id=\"6f72398\" data-element_type=\"column\">\n\t\t\t<div class=\"elementor-column-wrap elementor-element-populated\">\n\t\t\t\t\t\t\t<div class=\"elementor-widget-wrap\">\n\t\t\t\t\t\t<div class=\"elementor-element elementor-element-a11c349 sc_fly_static elementor-widget elementor-widget-heading\" data-id=\"a11c349\" data-element_type=\"widget\" data-widget_type=\"heading.default\">\n\t\t\t\t<div class=\"elementor-widget-container\">\n\t\t\t<h5 class=\"elementor-heading-title elementor-size-default\">\u041e\u043b\u043e\u043d \u0423\u043b\u0441\u044b\u043d \u0410\u0433\u0430\u0430\u0440\u044b\u043d \u0411\u04e9\u043c\u0431\u04e9\u043b\u04e9\u0433\u0438\u0439\u043d \u0410\u0440\u0433\u0430 \u0445\u044d\u043c\u0436\u044d\u044d<\/h5>\t\t<\/div>\n\t\t\t\t<\/div>\n\t\t\t\t<div class=\"elementor-element elementor-element-4c5f70c sc_fly_static elementor-widget elementor-widget-text-editor\" data-id=\"4c5f70c\" data-element_type=\"widget\" data-widget_type=\"text-editor.default\">\n\t\t\t\t<div class=\"elementor-widget-container\">\n\t\t\t\t\t\t\t\t<div class=\"elementor-text-editor elementor-clearfix\">\n\t\t\t\t<p><strong>\u042d\u043d\u044d \u043e\u043d\u0434 \u0437\u043e\u0445\u0438\u043e\u043d \u0431\u0430\u0439\u0433\u0443\u0443\u043b\u0430\u0433\u0434\u0430\u0445 \u043e\u043b\u043e\u043d \u0443\u043b\u0441\u044b\u043d \u0430\u0433\u0430\u0430\u0440\u044b\u043d \u0431\u04e9\u043c\u0431\u04e9\u043b\u04e9\u0433\u0438\u0439\u043d \u0442\u043e\u043c\u043e\u043e\u0445\u043e\u043d \u0430\u0440\u0433\u0430 \u0445\u044d\u043c\u0436\u044d\u044d\u043d\u04af\u04af\u0434\u0438\u0439\u043d \u0445\u0443\u0432\u0430\u0430\u0440\u044c:<\/strong><\/p>\t\t\t\t\t<\/div>\n\t\t\t\t\t\t<\/div>\n\t\t\t\t<\/div>\n\t\t\t\t<div class=\"elementor-element elementor-element-ed5a7f8 sc_fly_static elementor-widget elementor-widget-trx_sc_table\" data-id=\"ed5a7f8\" data-element_type=\"widget\" data-widget_type=\"trx_sc_table.default\">\n\t\t\t\t<div class=\"elementor-widget-container\">\n\t\t\t<div id=\"trx_sc_table_1663130590_wrap\" class=\"sc_table_wrap\"><div id=\"trx_sc_table_1663130590\"\r\n\t\t\tclass=\"sc_table sc_table_default trx_addons_inline_1350260674\"><table cellspacing=\"0\" summary=\"Mongolian events\">\n\t<tr>\n\t\t<td>\u041e\u0433\u043d\u043e\u043e<\/td>\n\t\t<td>\u0410\u0440\u0433\u0430 \u0445\u044d\u043c\u0436\u044d\u044d<\/td>\n\t\t<td>\u0423\u043b\u0441<\/td>\n\t\t<td>\u0422\u043e\u0432\u0447<\/td>\n\t<\/tr>\n\t<tr>\n\t\t<td>2026-10-3-\u0441 11-\u0438\u0439\u0433 \u0445\u04af\u0440\u0442\u044d\u043b<\/td>\n\t\t<td>Albuquerque International Balloon Fiesta<\/td>\n\t\t<td>USA<\/td>\n\t\t<td>\u0414\u044d\u043b\u0445\u0438\u0439\u043d \u0445\u0430\u043c\u0433\u0438\u0439\u043d \u0442\u043e\u043c \u0431\u04e9\u043c\u0431\u04e9\u043b\u04e9\u0433\u0438\u0439\u043d \u0444\u0435\u0441\u0442\u0438\u0432\u0430\u043b\u044c<\/td>\n\t<\/tr>\n\t<tr>\n\t\t<td>2026-9-18-c 25-\u0438\u0439\u0433 \u0445\u04af\u0440\u0442\u044d\u043b <\/td>\n\t\t<td>World Hot Air Balloon Championship<\/td>\n\t\t<td>Poland<\/td>\n\t\t<td>\u0414\u044d\u043b\u0445\u0438\u0439\u043d \u0430\u0432\u0430\u0440\u0433\u0430 \u0448\u0430\u043b\u0433\u0430\u0440\u0443\u0443\u043b\u0430\u0445 \u0442\u044d\u043c\u0446\u044d\u044d\u043d<\/td>\n\t<\/tr>\n\t<tr>\n\t\t<td>2026-7-9-c 12-\u0438\u0439\u0433 \u0445\u04af\u0440\u0442\u044d\u043b<\/td>\n\t\t<td>European Balloon Festival<\/td>\n\t\t<td>Spain<\/td>\n\t\t<td>\u0415\u0432\u0440\u043e\u043f\u044b\u043d \u0442\u043e\u043c\u043e\u043e\u0445\u043e\u043d \u0444\u0435\u0441\u0442\u0438\u0432\u0430\u043b\u044c<\/td>\n\t<\/tr>\n<\/table><\/div><\/div><!-- \/.sc_table_wrap -->\t\t<\/div>\n\t\t\t\t<\/div>\n\t\t\t\t\t\t<\/div>\n\t\t\t\t\t<\/div>\n\t\t<\/div>\n\t\t\t\t\t\t\t\t<\/div>\n\t\t\t\t\t<\/div>\n\t\t<\/section>\n\t\t\t\t<section class=\"elementor-section elementor-top-section elementor-element elementor-element-f609da0 elementor-section-boxed elementor-section-height-default elementor-section-height-default\" data-id=\"f609da0\" data-element_type=\"section\">\n\t\t\t\t\t\t<div class=\"elementor-container elementor-column-gap-extended\">\n\t\t\t\t\t\t\t<div class=\"elementor-row\">\n\t\t\t\t\t<div class=\"elementor-column elementor-col-100 elementor-top-column elementor-element elementor-element-03ec1d3 sc_inner_width_none sc_content_align_inherit sc_layouts_column_icons_position_left\" data-id=\"03ec1d3\" data-element_type=\"column\">\n\t\t\t<div class=\"elementor-column-wrap elementor-element-populated\">\n\t\t\t\t\t\t\t<div class=\"elementor-widget-wrap\">\n\t\t\t\t\t\t<div class=\"elementor-element elementor-element-c04e846 sc_fly_static elementor-widget elementor-widget-spacer\" data-id=\"c04e846\" data-element_type=\"widget\" data-widget_type=\"spacer.default\">\n\t\t\t\t<div class=\"elementor-widget-container\">\n\t\t\t\t\t<div class=\"elementor-spacer\">\n\t\t\t<div class=\"elementor-spacer-inner\"><\/div>\n\t\t<\/div>\n\t\t\t\t<\/div>\n\t\t\t\t<\/div>\n\t\t\t\t<div class=\"elementor-element elementor-element-5abc46f sc_fly_static elementor-widget elementor-widget-heading\" data-id=\"5abc46f\" data-element_type=\"widget\" data-widget_type=\"heading.default\">\n\t\t\t\t<div class=\"elementor-widget-container\">\n\t\t\t<h4 class=\"elementor-heading-title elementor-size-default\"> \u0411\u04af\u0440\u0442\u0433\u044d\u043b \u0431\u0430 \u041e\u0440\u043e\u043b\u0446\u043e\u043e<\/h4>\t\t<\/div>\n\t\t\t\t<\/div>\n\t\t\t\t<div class=\"elementor-element elementor-element-c4c9e47 sc_fly_static elementor-widget elementor-widget-text-editor\" data-id=\"c4c9e47\" data-element_type=\"widget\" data-widget_type=\"text-editor.default\">\n\t\t\t\t<div class=\"elementor-widget-container\">\n\t\t\t\t\t\t\t\t<div class=\"elementor-text-editor elementor-clearfix\">\n\t\t\t\t<p>\u041c\u0430\u043d\u0430\u0439 \u0445\u043e\u043b\u0431\u043e\u043e \u0434\u0430\u0440\u0430\u0430\u0445 \u0431\u043e\u043b\u043e\u043c\u0436\u0443\u0443\u0434\u044b\u0433 \u0441\u0430\u043d\u0430\u043b \u0431\u043e\u043b\u0433\u043e\u0434\u043e\u0433:<br \/>\u2705 \u0413\u0430\u0437\u0440\u044b\u043d \u0431\u0430\u0433\u0438\u0439\u043d \u0433\u0438\u0448\u04af\u04af\u043d\u044d\u044d\u0440 \u043e\u0440\u043e\u043b\u0446\u043e\u0445<br \/>\u2705 \u0421\u0443\u0440\u0433\u0430\u043b\u0442\u044b\u043d \u0430\u0440\u0433\u0430 \u0445\u044d\u043c\u0436\u044d\u044d\u043d\u0434 \u0431\u04af\u0440\u0442\u0433\u04af\u04af\u043b\u044d\u0445<\/p>\t\t\t\t\t<\/div>\n\t\t\t\t\t\t<\/div>\n\t\t\t\t<\/div>\n\t\t\t\t<div class=\"elementor-element elementor-element-dca2f2f sc_fly_static elementor-widget elementor-widget-heading\" data-id=\"dca2f2f\" data-element_type=\"widget\" data-widget_type=\"heading.default\">\n\t\t\t\t<div class=\"elementor-widget-container\">\n\t\t\t<h5 class=\"elementor-heading-title elementor-size-default\"> \u0411\u04af\u0440\u0442\u0433\u044d\u0445 \u0444\u043e\u0440\u043c - \u041d\u04af\u04af\u0440 \u0445\u0443\u0443\u0434\u0441\u0430\u043d \u0434\u0430\u0445\u044c \u0444\u043e\u0440\u043c\u044b\u0433 \u0431\u04e9\u0433\u043b\u04e9\u043d\u04e9 \u04af\u04af<\/h5>\t\t<\/div>\n\t\t\t\t<\/div>\n\t\t\t\t<div class=\"elementor-element elementor-element-1ffd5cf sc_fly_static elementor-widget elementor-widget-image\" data-id=\"1ffd5cf\" data-element_type=\"widget\" data-widget_type=\"image.default\">\n\t\t\t\t<div class=\"elementor-widget-container\">\n\t\t\t\t\t\t\t\t<div class=\"elementor-image\">\n\t\t\t\t\t\t\t\t\t\t\t\t\t<a href=\"http:\/\/www.maba.mn\">\n\t\t\t\t\t\t\t<img loading=\"lazy\" decoding=\"async\" width=\"1024\" height=\"232\" src=\"https:\/\/www.maba.mn\/wp-content\/uploads\/2026\/03\/8-1024x232.png\" class=\"attachment-large size-large\" alt=\"\" srcset=\"https:\/\/www.maba.mn\/wp-content\/uploads\/2026\/03\/8-1024x232.png 1024w, https:\/\/www.maba.mn\/wp-content\/uploads\/2026\/03\/8-300x68.png 300w, https:\/\/www.maba.mn\/wp-content\/uploads\/2026\/03\/8-768x174.png 768w, https:\/\/www.maba.mn\/wp-content\/uploads\/2026\/03\/8-1536x349.png 1536w, https:\/\/www.maba.mn\/wp-content\/uploads\/2026\/03\/8-370x84.png 370w, https:\/\/www.maba.mn\/wp-content\/uploads\/2026\/03\/8-760x172.png 760w, https:\/\/www.maba.mn\/wp-content\/uploads\/2026\/03\/8-600x136.png 600w, https:\/\/www.maba.mn\/wp-content\/uploads\/2026\/03\/8.png 1626w\" sizes=\"auto, (max-width: 1024px) 100vw, 1024px\" \/>\t\t\t\t\t\t\t\t<\/a>\n\t\t\t\t\t\t\t\t\t\t\t\t\t\t<\/div>\n\t\t\t\t\t\t<\/div>\n\t\t\t\t<\/div>\n\t\t\t\t<div class=\"elementor-element elementor-element-60e702a sc_fly_static elementor-widget elementor-widget-text-editor\" data-id=\"60e702a\" data-element_type=\"widget\" data-widget_type=\"text-editor.default\">\n\t\t\t\t<div class=\"elementor-widget-container\">\n\t\t\t\t\t\t\t\t<div class=\"elementor-text-editor elementor-clearfix\">\n\t\t\t\t<p><strong>Global Ballooning Event Sources<\/strong><\/p><ul><li><strong>Albuquerque International Balloon Fiesta (USA)<\/strong> \u2014 world\u2019s largest balloon festival<\/li><li><strong>World Hot Air Balloon Championships<\/strong> \u2014 competitive ballooning<\/li><li><strong>European Balloon Festival (Spain)<\/strong><\/li><li><strong>F\u00e9d\u00e9ration A\u00e9ronautique Internationale (FAI)<\/strong> \u2014 global sport calendar<\/li><li><strong>Balloon Federation of America (BFA)<\/strong><\/li><\/ul>\t\t\t\t\t<\/div>\n\t\t\t\t\t\t<\/div>\n\t\t\t\t<\/div>\n\t\t\t\t\t\t<\/div>\n\t\t\t\t\t<\/div>\n\t\t<\/div>\n\t\t\t\t\t\t\t\t<\/div>\n\t\t\t\t\t<\/div>\n\t\t<\/section>\n\t\t\t\t\t\t\t\t\t<\/div>\n\t\t\t<\/div>\n\t\t\t\t\t<\/div>\n\t\t","protected":false},"excerpt":{"rendered":"<p>\u0423\u0443\u043b\u0437\u0430\u043b\u0442, \u0421\u0443\u0440\u0433\u0430\u043b\u0442, \u0410\u0433\u0430\u0430\u0440\u044b\u043d \u0411\u04e9\u043c\u0431\u04e9\u043b\u04e9\u0433\u0438\u0439\u043d \u041e\u043b\u043e\u043d \u0443\u043b\u0441\u044b\u043d \u0430\u0440\u0433\u0430 \u0445\u044d\u043c\u0436\u044d\u044d\u043d\u04af\u04af\u0434 (Events &#038; Activities) Intro \u0422\u0430\u043d\u0438\u043b\u0446\u0443\u0443\u043b\u0433\u0430 \u041c\u043e\u043d\u0433\u043e\u043b \u0410\u0433\u0430\u0430\u0440\u044b\u043d \u0411\u04e9\u043c\u0431\u04e9\u043b\u0433\u0438\u0439\u043d \u0425\u043e\u043b\u0431\u043e\u043e \u043d\u044c \u04af\u043d\u0434\u044d\u0441\u043d\u0438\u0439 \u0431\u043e\u043b\u043e\u043d \u043e\u043b\u043e\u043d \u0443\u043b\u0441\u044b\u043d \u0430\u0433\u0430\u0430\u0440\u044b\u043d \u0431\u04e9\u043c\u0431\u04e9\u043b\u04e9\u0433\u0438\u0439\u043d \u0430\u0440\u0433\u0430 \u0445\u044d\u043c\u0436\u044d\u044d, \u0442\u044d\u043c\u0446\u044d\u044d\u043d \u0431\u043e\u043b\u043e\u043d \u0441\u0443\u0440\u0433\u0430\u043b\u0442\u044b\u0433 \u0441\u0443\u0440\u0442\u0430\u043b\u0447\u043b\u0430\u0445 \u0442\u0430\u043d\u0438\u0443\u043b\u0430\u0445, \u043e\u0440\u043e\u043b\u0446\u043e\u0445 \u0431\u043e\u043b\u043e\u043c\u0436\u0438\u0439\u0433 \u0431\u04af\u0440\u0434\u04af\u04af\u043b\u044d\u0445\u044d\u0434 \u0447\u0438\u0433\u043b\u044d\u043d \u0430\u0436\u0438\u043b\u043b\u0430\u0436 \u0431\u0430\u0439\u043d\u0430. \u042d\u043d\u044d\u0445\u04af\u04af \u0445\u0443\u0443\u0434\u0430\u0441\u043d\u0430\u0430\u0441 \u0442\u0430 \u043c\u0430\u043d\u0430\u0439 \u0431\u0430\u0439\u0433\u0443\u0443\u043b\u043b\u0430\u0433\u044b\u043d \u0448\u0438\u043d\u044d \u043e\u043d\u044b \u0430\u0440\u0433\u0430 \u0445\u044d\u043c\u0436\u044d\u044d, \u0441\u0443\u0440\u0433\u0430\u043b\u0442 \u043c\u04e9\u043d \u0433\u043b\u043e\u0431\u0430\u043b (\u043e\u043b\u043e\u043d \u0443\u043b\u0441\u044b\u043d) \u0430\u0433\u0430\u0430\u0440\u044b\u043d \u0431\u04e9\u043c\u0431\u04e9\u043b\u04e9\u0433\u0438\u0439\u043d \u04af\u0439\u043b \u0430\u0436\u0438\u043b\u043b\u0430\u0433\u0430\u0430\u043d\u044b&hellip;<\/p>\n","protected":false},"author":1,"featured_media":0,"parent":0,"menu_order":0,"comment_status":"closed","ping_status":"closed","template":"","meta":{"footnotes":""},"class_list":["post-70","page","type-page","status-publish","hentry"],"_links":{"self":[{"href":"https:\/\/www.maba.mn\/index.php?rest_route=\/wp\/v2\/pages\/70","targetHints":{"allow":["GET"]}}],"collection":[{"href":"https:\/\/www.maba.mn\/index.php?rest_route=\/wp\/v2\/pages"}],"about":[{"href":"https:\/\/www.maba.mn\/index.php?rest_route=\/wp\/v2\/types\/page"}],"author":[{"embeddable":true,"href":"https:\/\/www.maba.mn\/index.php?rest_route=\/wp\/v2\/users\/1"}],"replies":[{"embeddable":true,"href":"https:\/\/www.maba.mn\/index.php?rest_route=%2Fwp%2Fv2%2Fcomments&post=70"}],"version-history":[{"count":19,"href":"https:\/\/www.maba.mn\/index.php?rest_route=\/wp\/v2\/pages\/70\/revisions"}],"predecessor-version":[{"id":3719,"href":"https:\/\/www.maba.mn\/index.php?rest_route=\/wp\/v2\/pages\/70\/revisions\/3719"}],"wp:attachment":[{"href":"https:\/\/www.maba.mn\/index.php?rest_route=%2Fwp%2Fv2%2Fmedia&parent=70"}],"curies":[{"name":"wp","href":"https:\/\/api.w.org\/{rel}","templated":true}]}}